{"id":3946,"date":"2018-12-16T15:51:41","date_gmt":"2018-12-16T14:51:41","guid":{"rendered":"https:\/\/www.domaineheurebleue.com\/our-domain\/"},"modified":"2023-05-05T02:53:00","modified_gmt":"2023-05-05T00:53:00","slug":"our-domain","status":"publish","type":"page","link":"https:\/\/www.domaineheurebleue.com\/en\/our-domain\/","title":{"rendered":"Our Domain"},"content":{"rendered":"<section class=\"wpb-content-wrapper\"><p>[vc_row el_id=&#8221;WhoWeAre&#8221; css=&#8221;.vc_custom_1680913197764{margin-bottom: -150px !important;padding-top: 40px !important;}&#8221;][vc_column]\n\t<div class=\"title-subtitle-box  \" style=\" text-align: center;\">\n\t\t<h1 style=\" font-style: normal;\" class=\"special-title\" >Who are we?<\/h1>\n\t<\/div> [\/vc_column][\/vc_row][vc_row full_width=&#8221;stretch_row&#8221; css=&#8221;.vc_custom_1680913851356{padding-bottom: 50px !important;background-image: url(https:\/\/www.domaineheurebleue.com\/wp-content\/uploads\/2023\/04\/fond_quisommesnous-1.png?id=3632) !important;}&#8221;][vc_column width=&#8221;1\/2&#8243;][vc_single_image image=&#8221;3315&#8243; img_size=&#8221;large&#8221;][vc_column_text]<\/p>\n<p style=\"text-align: center;\"><span style=\"color: #ffffff;\">Brigitte and Alain Place<\/span><\/p>\n<p>[\/vc_column_text][\/vc_column][vc_column width=&#8221;1\/2&#8243; css=&#8221;.vc_custom_1680574508275{padding-top: 35px !important;}&#8221;][vc_column_text css=&#8221;.vc_custom_1683247565876{padding-top: 50px !important;}&#8221;]<span style=\"color: #ffffff;\">Brigitte and Alain Place, a passionate couple of winemakers, have embarked on a journey to transform a beautiful piece of land nestled in the heart of the hills of Gonfaron into a flourishing vineyard. Driven by their deep respect for nature, they have converted the estate to organic farming, allowing its true potential to shine through.<\/span>[\/vc_column_text][\/vc_column][\/vc_row][vc_row][vc_column width=&#8221;1\/4&#8243;][vc_single_image image=&#8221;3671&#8243; img_size=&#8221;medium&#8221; alignment=&#8221;right&#8221;][\/vc_column][vc_column width=&#8221;3\/4&#8243;]\n\t<div class=\"title-subtitle-box  \" style=\" text-align: left;\">\n\t\t<h1 style=\" font-style: normal;\" class=\"special-title\" >A Vineyard in Provence<\/h1>\n\t<\/div> [vc_column_text]Today, Domaine l\u2019Heure Bleue is a 12-hectare gem in the esteemed &#8220;C\u00f4tes de Provence Notre Dame des Anges&#8221; appellation, a true reflection of the beauty and richness of our region. Our commitment to excellence and sustainable practices has earned us numerous accolades and recognition from the most renowned wine competitions.[\/vc_column_text][vc_row_inner][vc_column_inner width=&#8221;1\/4&#8243;][\/vc_column_inner][vc_column_inner width=&#8221;1\/2&#8243;][\/vc_column_inner][vc_column_inner width=&#8221;1\/4&#8243;][vc_single_image image=&#8221;3391&#8243; img_size=&#8221;medium&#8221;][\/vc_column_inner][\/vc_row_inner][\/vc_column][\/vc_row][vc_row full_width=&#8221;stretch_row&#8221; css=&#8221;.vc_custom_1681178790434{background-image: url(https:\/\/www.domaineheurebleue.com\/wp-content\/uploads\/2023\/04\/Sans-titre_new.png?id=3686) !important;background-position: center !important;background-repeat: no-repeat !important;background-size: cover !important;}&#8221;][vc_column css=&#8221;.vc_custom_1679609361904{margin-top: 400px !important;}&#8221;][vc_column_text css=&#8221;.vc_custom_1683247679421{border-top-width: 3px !important;border-right-width: 3px !important;border-bottom-width: 3px !important;border-left-width: 3px !important;padding-top: 40px !important;padding-right: 40px !important;padding-bottom: 40px !important;padding-left: 40px !important;background-color: #ffffff !important;border-left-color: #ad9822 !important;border-left-style: solid !important;border-right-color: #ad9822 !important;border-right-style: solid !important;border-top-color: #ad9822 !important;border-top-style: solid !important;border-bottom-color: #ad9822 !important;border-bottom-style: solid !important;}&#8221;]As wine professionals, we understand that every detail, from the terroir to the time of day, can profoundly impact the quality of our wines. This is why we named our estate Domaine de l&#8217;Heure Bleue, after the magical moment when the Proven\u00e7al sky is sublimated by twilight, and nature is at its most fragrant.[\/vc_column_text][\/vc_column][\/vc_row][vc_row el_id=&#8221;LeTerroir&#8221;][vc_column]\n\t<div class=\"title-subtitle-box  \" style=\" text-align: center;\">\n\t\t<h1 style=\" font-style: normal;\" class=\"special-title\" >Our Terroir<\/h1>\n\t<\/div> [vc_row_inner][vc_column_inner width=&#8221;1\/2&#8243;][vc_single_image image=&#8221;3399&#8243; img_size=&#8221;large&#8221;][vc_column_text]The terroir of Provence is truly unique, and this exceptional environment gives our wines their inimitable character. Our vineyards bask in the abundant sunshine, which ripens the grapes to perfection, while the strong, bracing mistral winds sweep across the land, cooling and refreshing the vines. The resulting wines perfectly reflect their terroir: crisp, refined, and bursting with fruit; they capture the very essence of the Proven\u00e7al landscape.[\/vc_column_text][vc_single_image image=&#8221;3400&#8243; img_size=&#8221;large&#8221;][\/vc_column_inner][vc_column_inner width=&#8221;1\/2&#8243;][vc_column_text]The terroir is nestled in the heart of Provence, near Saint-Tropez, and situated on the slopes of the Massif des Maures. The Domaine de l\u2019Heure Bleue benefits from a privileged location, with approximately 12 hectares of hillside vineyard, entirely restructured and classified under the C\u00f4tes de Provence and C\u00f4tes de Provence Notre Dame des Anges appellations.[\/vc_column_text][vc_single_image image=&#8221;3402&#8243; img_size=&#8221;large&#8221;][\/vc_column_inner][\/vc_row_inner][\/vc_column][\/vc_row][vc_row full_width=&#8221;stretch_row&#8221; css=&#8221;.vc_custom_1680906235400{padding-top: 50px !important;padding-bottom: 50px !important;background-image: url(https:\/\/www.domaineheurebleue.com\/wp-content\/uploads\/2023\/04\/Backround_4_new_new.jpg?id=3614) !important;background-position: center !important;background-repeat: no-repeat !important;background-size: cover !important;}&#8221;][vc_column][vc_row_inner][vc_column_inner width=&#8221;1\/3&#8243;][\/vc_column_inner][vc_column_inner width=&#8221;2\/3&#8243;]\n\t<div class=\"title-subtitle-box  \" style=\" text-align: left;\">\n\t\t<h1 style=\" font-style: normal;\" class=\"special-title\" >Our Appellations<\/h1>\n\t<\/div> [vc_column_text]Our vines are spread over several appellations: C\u00f4tes de Provence, IGP du Var, and more recently, C\u00f4te de Provence, with the geographic designation Notre Dame des Anges. Notre Dame des Anges refers to the highest point of the Massif des Maures, visible from all the municipalities in the area. In the heart of the Maures plain, the landscape consists of umbrella pines, oaks, and chestnut trees.[\/vc_column_text][\/vc_column_inner][\/vc_row_inner][\/vc_column][\/vc_row][vc_row el_id=&#8221;KnowHow&#8221;][vc_column]\n\t<div class=\"title-subtitle-box  \" style=\" text-align: center;\">\n\t\t<h1 style=\" font-style: normal;\" class=\"special-title\" >Our Expertise<\/h1>\n\t<\/div> [vc_row_inner][vc_column_inner width=&#8221;1\/2&#8243; css=&#8221;.vc_custom_1680575635693{padding-top: 50px !important;}&#8221;][vc_column_text css=&#8221;.vc_custom_1683247769681{margin-bottom: 20px !important;}&#8221;]With our unwavering commitment to excellence, we continue to invest in new techniques and vine varieties to craft our exceptional cuv\u00e9es. The wines bearing the names &#8220;L&#8217;Aube Azur&#8221; in ros\u00e9, white, and red, &#8220;Carignan&#8221; in red, and &#8220;Bleu de Minuit&#8221; in ros\u00e9, are the fruits of our labour, representing the perfect expression of our terroir. At Domaine de l&#8217;Heure Bleue, we proudly hold an organic certification, which is a testament to our respect for nature and our unwavering commitment to sustainable viticulture[\/vc_column_text][\/vc_column_inner][vc_column_inner width=&#8221;1\/2&#8243;][vc_single_image image=&#8221;3401&#8243; img_size=&#8221;large&#8221;][\/vc_column_inner][\/vc_row_inner][vc_row_inner][vc_column_inner width=&#8221;1\/2&#8243;][vc_single_image image=&#8221;3560&#8243; img_size=&#8221;553&#215;368&#8243; css=&#8221;.vc_custom_1680575624963{margin-top: 20px !important;padding-top: 20px !important;}&#8221;][vc_single_image image=&#8221;3559&#8243; img_size=&#8221;large&#8221;][\/vc_column_inner][vc_column_inner width=&#8221;1\/2&#8243;][vc_single_image image=&#8221;3404&#8243; img_size=&#8221;large&#8221; css=&#8221;.vc_custom_1680575555586{margin-top: 20px !important;padding-top: 20px !important;}&#8221;][vc_column_text css=&#8221;.vc_custom_1683247817575{margin-top: 100px !important;}&#8221;]<strong>Winemaking of Ros\u00e9 and White Wines:<\/strong><br \/>\nThe grapes are harvested at night to preserve their delicate aromas and flavours. Once harvested, they are pressed and vinified in thermoregulated vats at 15 and 16\u00b0C to preserve their freshness and fruitiness. To maintain the natural acidity of the wine, we block the malolactic fermentation process. This meticulous winemaking process allows us to produce exceptional wines that capture the essence of our terroir.<\/p>\n<p><strong>Winemaking of Red Wines:<\/strong><br \/>\nCrafting our red wines is an art that begins with a meticulous manual harvest and selective sorting. Our grapes are then fermented for an extended period with manual punch-down. The wine is aged for 12 months in oak barrels. We believe in letting nature take its course, which is why our wine is unfiltered, preserving its authentic character and texture. We employ a wide range of traditional winemaking techniques, including vinification in barrels and using earthenware jars and terracotta amphorae, each imparting its unique character to the wine.[\/vc_column_text][\/vc_column_inner][\/vc_row_inner][\/vc_column][\/vc_row][vc_row][vc_column][vc_single_image image=&#8221;3403&#8243; img_size=&#8221;large&#8221; alignment=&#8221;center&#8221;][\/vc_column][\/vc_row]<\/p>\n<\/section>","protected":false},"excerpt":{"rendered":"<p>[vc_row el_id=&#8221;WhoWeAre&#8221; css=&#8221;.vc_custom_1680913197764{margin-bottom: -150px !important;padding-top: 40px !important;}&#8221;][vc_column][\/vc_column][\/vc_row][vc_row full_width=&#8221;stretch_row&#8221; css=&#8221;.vc_custom_1680913851356{padding-bottom: 50px !important;background-image: url(https:\/\/www.domaineheurebleue.com\/wp-content\/uploads\/2023\/04\/fond_quisommesnous-1.png?id=3632) !important;}&#8221;][vc_column width=&#8221;1\/2&#8243;][vc_single_image image=&#8221;3315&#8243; img_size=&#8221;large&#8221;][vc_column_text] Brigitte and Alain Place [\/vc_column_text][\/vc_column][vc_column width=&#8221;1\/2&#8243; css=&#8221;.vc_custom_1680574508275{padding-top: 35px !important;}&#8221;][vc_column_text css=&#8221;.vc_custom_1683247565876{padding-top: 50px !important;}&#8221;]Brigitte and Alain Place, a passionate couple of winemakers, have embarked on a journey to transform a beautiful piece of land nestled in the heart of the hills<\/p>\n<p class=\"more-link-wrapper\"><a class=\"read-more special-hover right_horizontal_line_effect\" href=\"https:\/\/www.domaineheurebleue.com\/en\/our-domain\/\">Read More<\/a><\/p>\n","protected":false},"author":1,"featured_media":0,"parent":0,"menu_order":0,"comment_status":"closed","ping_status":"closed","template":"","meta":{"om_disable_all_campaigns":false,"_monsterinsights_skip_tracking":false,"_monsterinsights_sitenote_active":false,"_monsterinsights_sitenote_note":"","_monsterinsights_sitenote_category":0,"footnotes":""},"class_list":["post-3946","page","type-page","status-publish","hentry"],"acf":[],"aioseo_notices":[],"_links":{"self":[{"href":"https:\/\/www.domaineheurebleue.com\/en\/wp-json\/wp\/v2\/pages\/3946","targetHints":{"allow":["GET"]}}],"collection":[{"href":"https:\/\/www.domaineheurebleue.com\/en\/wp-json\/wp\/v2\/pages"}],"about":[{"href":"https:\/\/www.domaineheurebleue.com\/en\/wp-json\/wp\/v2\/types\/page"}],"author":[{"embeddable":true,"href":"https:\/\/www.domaineheurebleue.com\/en\/wp-json\/wp\/v2\/users\/1"}],"replies":[{"embeddable":true,"href":"https:\/\/www.domaineheurebleue.com\/en\/wp-json\/wp\/v2\/comments?post=3946"}],"version-history":[{"count":6,"href":"https:\/\/www.domaineheurebleue.com\/en\/wp-json\/wp\/v2\/pages\/3946\/revisions"}],"predecessor-version":[{"id":3998,"href":"https:\/\/www.domaineheurebleue.com\/en\/wp-json\/wp\/v2\/pages\/3946\/revisions\/3998"}],"wp:attachment":[{"href":"https:\/\/www.domaineheurebleue.com\/en\/wp-json\/wp\/v2\/media?parent=3946"}],"curies":[{"name":"wp","href":"https:\/\/api.w.org\/{rel}","templated":true}]}}