{"id":3962,"date":"2023-04-04T00:18:48","date_gmt":"2023-04-03T22:18:48","guid":{"rendered":"https:\/\/www.domaineheurebleue.com\/aube-azur-rouge\/"},"modified":"2023-07-02T15:49:57","modified_gmt":"2023-07-02T13:49:57","slug":"aube-azur-rouge","status":"publish","type":"page","link":"https:\/\/www.domaineheurebleue.com\/en\/our-wines\/aube-azur-rouge\/","title":{"rendered":"Aube Azur Rouge"},"content":{"rendered":"<section class=\"wpb-content-wrapper\"><p>[vc_row css=&#8221;.vc_custom_1680561574865{padding-top: 50px !important;}&#8221;][vc_column width=&#8221;1\/3&#8243; css=&#8221;.vc_custom_1680916162383{padding-top: 50px !important;}&#8221;][vc_single_image image=&#8221;3637&#8243; img_size=&#8221;174&#215;850&#8243; el_id=&#8221;imageVinCentre&#8221;][\/vc_column][vc_column width=&#8221;2\/3&#8243;]\n\t<div class=\"title-subtitle-box  \" style=\" text-align: left;\">\n\t\t<h1 style=\" font-style: normal;\" class=\"special-title\" >Aube Azur Rouge<\/h1>\n\t<\/div> [vc_column_text el_class=&#8221;blocTextVins&#8221;]<\/p>\n<h3 class=\"textFicheVins\">Vintage<\/h3>\n<p>2021<\/p>\n<h3 class=\"textFicheVins\">Name<\/h3>\n<p>C\u00f4tes de Provence<\/p>\n<h3><img decoding=\"async\" class=\"imgFicheVins\" src=\"https:\/\/www.domaineheurebleue.com\/wp-content\/uploads\/2023\/04\/Terroir.png\" \/>Terroirs<\/h3>\n<p>Municipality of Carnoules : soils dating from the Oligocene, medium clay-limestone.<\/p>\n<h3><img decoding=\"async\" class=\"imgFicheVins\" src=\"https:\/\/www.domaineheurebleue.com\/wp-content\/uploads\/2023\/04\/Cepage.png\" \/>Grape varieties<\/h3>\n<p>Mourv\u00e8dre, Syrah.<\/p>\n<h3><img decoding=\"async\" class=\"imgFicheVins\" src=\"https:\/\/www.domaineheurebleue.com\/wp-content\/uploads\/2023\/04\/Vignification.png\" \/>Vinification<\/h3>\n<p>Hand-harvested, selectively sorted, long maceration with manual punching of the cap, aged in terracotta amphora and stoneware eggs for 12 months.<br \/>\nNot filtered at bottling.<\/p>\n<h3><img decoding=\"async\" class=\"imgFicheVins\" src=\"https:\/\/www.domaineheurebleue.com\/wp-content\/uploads\/2023\/04\/Degustation.png\" \/>Tasting<\/h3>\n<p>Color: Intense red with pink reflections.<br \/>\nNose: First nose: Notes of red fruit, strawberry and Morello cherry, evolving towards spicy, peppery notes.<br \/>\nPalate : Silky and elegant attack, the tannins appear as smooth and powerful. We find the fruity and spicy aromatic of the nose. Slight salinity in the finish.<\/p>\n<h3><img decoding=\"async\" class=\"imgFicheVins\" src=\"https:\/\/www.domaineheurebleue.com\/wp-content\/uploads\/2023\/04\/Temperature.png\" \/>Service<\/h3>\n<p>16-17\u00b0C<\/p>\n<h3><img decoding=\"async\" class=\"imgFicheVins\" src=\"https:\/\/www.domaineheurebleue.com\/wp-content\/uploads\/2023\/04\/Service.png\" \/>Accompaniment<\/h3>\n<p>Ideal with white meat or beef tartar.<\/p>\n<h3><img decoding=\"async\" class=\"imgFicheVins\" src=\"https:\/\/www.domaineheurebleue.com\/wp-content\/uploads\/2023\/04\/Terroir.png\" \/>Comment<\/h3>\n<p>With an intense red color, accompanied by aromas of red fruits and pepper, the mouth of this wine is elegant, soft and mineral. The balanced structure of this wine is underlined by a nice salinity on the finish. Ideal with white meat.[\/vc_column_text]\n\t<div class=\"gg-special-button-wrapper  vc_custom_1688242154687 special-button-align-right special-button-style-btn-secondary\"><a class=\"btn btn-secondary\" href=\"https:\/\/www.domaineheurebleue.com\/wp-content\/uploads\/2023\/07\/Aube-Azur-Rouge_23_V1.pdf\" title=\"PDF \u00c0 T\u00c9L\u00c9CHARGER\" target=\"_blank\">PDF \u00c0 T\u00c9L\u00c9CHARGER<\/a><\/div>[\/vc_column][\/vc_row][vc_row full_width=&#8221;stretch_row&#8221; css=&#8221;.vc_custom_1680916881109{margin-top: 30px !important;margin-bottom: 0px !important;padding-top: 250px !important;background-image: url(https:\/\/www.domaineheurebleue.com\/wp-content\/uploads\/2023\/04\/rond_bottom_nosvins.jpg?id=3643) !important;}&#8221;][vc_column][\/vc_column][\/vc_row]<\/p>\n<\/section>","protected":false},"excerpt":{"rendered":"<p>[vc_row css=&#8221;.vc_custom_1680561574865{padding-top: 50px !important;}&#8221;][vc_column width=&#8221;1\/3&#8243; css=&#8221;.vc_custom_1680916162383{padding-top: 50px !important;}&#8221;][vc_single_image image=&#8221;3637&#8243; img_size=&#8221;174&#215;850&#8243; el_id=&#8221;imageVinCentre&#8221;][\/vc_column][vc_column width=&#8221;2\/3&#8243;][vc_column_text el_class=&#8221;blocTextVins&#8221;] Vintage 2021 Name C\u00f4tes de Provence Terroirs Municipality of Carnoules : soils dating from the Oligocene, medium clay-limestone. Grape varieties Mourv\u00e8dre, Syrah. Vinification Hand-harvested, selectively sorted, long maceration with manual punching of the cap, aged in terracotta amphora and stoneware eggs for<\/p>\n<p class=\"more-link-wrapper\"><a class=\"read-more special-hover right_horizontal_line_effect\" href=\"https:\/\/www.domaineheurebleue.com\/en\/our-wines\/aube-azur-rouge\/\">Read More<\/a><\/p>\n","protected":false},"author":1,"featured_media":0,"parent":3970,"menu_order":0,"comment_status":"closed","ping_status":"closed","template":"","meta":{"om_disable_all_campaigns":false,"_monsterinsights_skip_tracking":false,"_monsterinsights_sitenote_active":false,"_monsterinsights_sitenote_note":"","_monsterinsights_sitenote_category":0,"footnotes":""},"class_list":["post-3962","page","type-page","status-publish","hentry"],"acf":[],"aioseo_notices":[],"_links":{"self":[{"href":"https:\/\/www.domaineheurebleue.com\/en\/wp-json\/wp\/v2\/pages\/3962","targetHints":{"allow":["GET"]}}],"collection":[{"href":"https:\/\/www.domaineheurebleue.com\/en\/wp-json\/wp\/v2\/pages"}],"about":[{"href":"https:\/\/www.domaineheurebleue.com\/en\/wp-json\/wp\/v2\/types\/page"}],"author":[{"embeddable":true,"href":"https:\/\/www.domaineheurebleue.com\/en\/wp-json\/wp\/v2\/users\/1"}],"replies":[{"embeddable":true,"href":"https:\/\/www.domaineheurebleue.com\/en\/wp-json\/wp\/v2\/comments?post=3962"}],"version-history":[{"count":15,"href":"https:\/\/www.domaineheurebleue.com\/en\/wp-json\/wp\/v2\/pages\/3962\/revisions"}],"predecessor-version":[{"id":4105,"href":"https:\/\/www.domaineheurebleue.com\/en\/wp-json\/wp\/v2\/pages\/3962\/revisions\/4105"}],"up":[{"embeddable":true,"href":"https:\/\/www.domaineheurebleue.com\/en\/wp-json\/wp\/v2\/pages\/3970"}],"wp:attachment":[{"href":"https:\/\/www.domaineheurebleue.com\/en\/wp-json\/wp\/v2\/media?parent=3962"}],"curies":[{"name":"wp","href":"https:\/\/api.w.org\/{rel}","templated":true}]}}