{"id":3966,"date":"2023-04-04T03:39:04","date_gmt":"2023-04-04T01:39:04","guid":{"rendered":"https:\/\/www.domaineheurebleue.com\/carignan\/"},"modified":"2024-04-18T16:02:30","modified_gmt":"2024-04-18T14:02:30","slug":"carignan","status":"publish","type":"page","link":"https:\/\/www.domaineheurebleue.com\/en\/our-wines\/carignan\/","title":{"rendered":"Carignan"},"content":{"rendered":"<section class=\"wpb-content-wrapper\"><p>[vc_row css=&#8221;.vc_custom_1680561574865{padding-top: 50px !important;}&#8221;][vc_column width=&#8221;1\/3&#8243;][vc_single_image source=&#8221;external_link&#8221; custom_src=&#8221;https:\/\/www.domaineheurebleue.com\/wp-content\/uploads\/2023\/04\/carignan_850.png&#8221; el_id=&#8221;imageVinCentre&#8221;][\/vc_column][vc_column width=&#8221;2\/3&#8243;]\n\t<div class=\"title-subtitle-box  \" style=\" text-align: left;\">\n\t\t<h1 style=\" font-style: normal;\" class=\"special-title\" >Carignan<\/h1>\n\t<\/div> [vc_column_text el_class=&#8221;blocTextVins&#8221;]<\/p>\n<h3 class=\"textFicheVins\">Vintage<\/h3>\n<p>2021<\/p>\n<h3 class=\"textFicheVins\">Name<\/h3>\n<p>IGP du Var &#8211; Protected Geographical Indication<\/p>\n<h3><img decoding=\"async\" class=\"imgFicheVins\" src=\"https:\/\/www.domaineheurebleue.com\/wp-content\/uploads\/2023\/04\/Terroir.png\" \/>Our 2 terroirs<\/h3>\n<p>Commune de Gonfaron : Soils dating from the Pleistocene, sandy clay, moderately calcareous.<\/p>\n<h3><img decoding=\"async\" class=\"imgFicheVins\" src=\"https:\/\/www.domaineheurebleue.com\/wp-content\/uploads\/2023\/04\/Cepage.png\" \/>Grape varieties<\/h3>\n<p>100% Carignan.<\/p>\n<h3><img decoding=\"async\" class=\"imgFicheVins\" src=\"https:\/\/www.domaineheurebleue.com\/wp-content\/uploads\/2023\/04\/Vignification.png\" \/>Vinification<\/h3>\n<p>Manual harvesting, selective sorting, long maceration with manual punching down, maturing in wood for 12 months.<\/p>\n<h3><img decoding=\"async\" class=\"imgFicheVins\" src=\"https:\/\/www.domaineheurebleue.com\/wp-content\/uploads\/2023\/04\/Degustation.png\" \/>Tasting<\/h3>\n<p>Color: Intense red with violet highlights.<br \/>\nNose: First nose: notes of black fruit, cherry, with some strawberry aromas.<br \/>\nPalate: lively attack, powerful structure, strawberry aromas, smooth finish.<br \/>\nServing suggestions: Ideal with barbecues.<\/p>\n<h3><img decoding=\"async\" class=\"imgFicheVins\" src=\"https:\/\/www.domaineheurebleue.com\/wp-content\/uploads\/2023\/04\/Temperature.png\" \/>Service<\/h3>\n<p>14\u00b0C<\/p>\n<h3><img decoding=\"async\" class=\"imgFicheVins\" src=\"https:\/\/www.domaineheurebleue.com\/wp-content\/uploads\/2023\/04\/Service.png\" \/>Accompaniment<\/h3>\n<p>Ideal with red meat or cheese.<\/p>\n<h3><img decoding=\"async\" class=\"imgFicheVins\" src=\"https:\/\/www.domaineheurebleue.com\/wp-content\/uploads\/2023\/04\/Terroir.png\" \/>Comment<\/h3>\n<p>Intense red in color, with a hint of violet, we find notes of black fruit on the palate, cherry with a hint of strawberry. The mouth is lively, with a powerful structure, ending on sweet chocolate notes. Fruity and delicious, this wine is ideal for grilled meats or cheese platters.[\/vc_column_text]\n\t<div class=\"gg-special-button-wrapper  vc_custom_1713448941627 special-button-align-right special-button-style-btn-secondary\"><a class=\"btn btn-secondary\" href=\"https:\/\/www.domaineheurebleue.com\/wp-content\/uploads\/2024\/04\/2024_CRG_M2021_EN.pdf\" title=\"PDF \u00c0 T\u00c9L\u00c9CHARGER\" target=\"_blank\">PDF \u00c0 T\u00c9L\u00c9CHARGER<\/a><\/div>[\/vc_column][\/vc_row][vc_row full_width=&#8221;stretch_row&#8221; css=&#8221;.vc_custom_1680916683602{margin-top: 30px !important;margin-bottom: 0px !important;padding-top: 250px !important;background-image: url(https:\/\/www.domaineheurebleue.com\/wp-content\/uploads\/2023\/04\/rond_bottom_nosvins.jpg?id=3643) !important;}&#8221;][vc_column][\/vc_column][\/vc_row]<\/p>\n<\/section>","protected":false},"excerpt":{"rendered":"<p>[vc_row css=&#8221;.vc_custom_1680561574865{padding-top: 50px !important;}&#8221;][vc_column width=&#8221;1\/3&#8243;][vc_single_image source=&#8221;external_link&#8221; custom_src=&#8221;https:\/\/www.domaineheurebleue.com\/wp-content\/uploads\/2023\/04\/carignan_850.png&#8221; el_id=&#8221;imageVinCentre&#8221;][\/vc_column][vc_column width=&#8221;2\/3&#8243;][vc_column_text el_class=&#8221;blocTextVins&#8221;] Vintage 2021 Name IGP du Var &#8211; Protected Geographical Indication Our 2 terroirs Commune de Gonfaron : Soils dating from the Pleistocene, sandy clay, moderately calcareous. Grape varieties 100% Carignan. Vinification Manual harvesting, selective sorting, long maceration with manual punching down, maturing in wood for<\/p>\n<p class=\"more-link-wrapper\"><a class=\"read-more special-hover right_horizontal_line_effect\" href=\"https:\/\/www.domaineheurebleue.com\/en\/our-wines\/carignan\/\">Read More<\/a><\/p>\n","protected":false},"author":1,"featured_media":0,"parent":3970,"menu_order":0,"comment_status":"closed","ping_status":"closed","template":"","meta":{"om_disable_all_campaigns":false,"_monsterinsights_skip_tracking":false,"_monsterinsights_sitenote_active":false,"_monsterinsights_sitenote_note":"","_monsterinsights_sitenote_category":0,"footnotes":""},"class_list":["post-3966","page","type-page","status-publish","hentry"],"acf":[],"aioseo_notices":[],"_links":{"self":[{"href":"https:\/\/www.domaineheurebleue.com\/en\/wp-json\/wp\/v2\/pages\/3966","targetHints":{"allow":["GET"]}}],"collection":[{"href":"https:\/\/www.domaineheurebleue.com\/en\/wp-json\/wp\/v2\/pages"}],"about":[{"href":"https:\/\/www.domaineheurebleue.com\/en\/wp-json\/wp\/v2\/types\/page"}],"author":[{"embeddable":true,"href":"https:\/\/www.domaineheurebleue.com\/en\/wp-json\/wp\/v2\/users\/1"}],"replies":[{"embeddable":true,"href":"https:\/\/www.domaineheurebleue.com\/en\/wp-json\/wp\/v2\/comments?post=3966"}],"version-history":[{"count":13,"href":"https:\/\/www.domaineheurebleue.com\/en\/wp-json\/wp\/v2\/pages\/3966\/revisions"}],"predecessor-version":[{"id":4703,"href":"https:\/\/www.domaineheurebleue.com\/en\/wp-json\/wp\/v2\/pages\/3966\/revisions\/4703"}],"up":[{"embeddable":true,"href":"https:\/\/www.domaineheurebleue.com\/en\/wp-json\/wp\/v2\/pages\/3970"}],"wp:attachment":[{"href":"https:\/\/www.domaineheurebleue.com\/en\/wp-json\/wp\/v2\/media?parent=3966"}],"curies":[{"name":"wp","href":"https:\/\/api.w.org\/{rel}","templated":true}]}}